{"id":6287,"date":"2025-07-11T12:23:51","date_gmt":"2025-07-11T12:23:51","guid":{"rendered":"https:\/\/www.kaplanas.com\/?page_id=6287"},"modified":"2025-11-25T08:28:31","modified_gmt":"2025-11-25T08:28:31","slug":"contact-us","status":"publish","type":"page","link":"https:\/\/www.kaplanas.com\/tr\/contact-us\/","title":{"rendered":"\u0130leti\u015fim"},"content":{"rendered":"<div data-elementor-type=\"wp-page\" data-elementor-id=\"6287\" class=\"elementor elementor-6287\" data-elementor-post-type=\"page\">\n\t\t\t\t<div class=\"elementor-element elementor-element-c0c2a7c e-grid e-con-boxed qodef-elementor-content-no e-con e-parent\" data-id=\"c0c2a7c\" data-element_type=\"container\" data-e-type=\"container\">\n\t\t\t\t\t<div class=\"e-con-inner\">\n\t\t\t\t<div class=\"elementor-element elementor-element-30969a2 elementor-widget elementor-widget-qi_addons_for_elementor_contact_form_7\" data-id=\"30969a2\" data-element_type=\"widget\" data-e-type=\"widget\" data-widget_type=\"qi_addons_for_elementor_contact_form_7.default\">\n\t\t\t\t<div class=\"elementor-widget-container\">\n\t\t\t\t\t<div class=\"qodef-shortcode qodef-m qodef-qi-contact-form-7\">\n\t\n<div class=\"wpcf7 no-js\" id=\"wpcf7-f9-o1\" lang=\"tr-TR\" dir=\"ltr\" data-wpcf7-id=\"9\">\n<div class=\"screen-reader-response\"><p role=\"status\" aria-live=\"polite\" aria-atomic=\"true\"><\/p> <ul><\/ul><\/div>\n<form action=\"\/tr\/wp-json\/wp\/v2\/pages\/6287#wpcf7-f9-o1\" method=\"post\" class=\"wpcf7-form init\" aria-label=\"\u0130leti\u015fim Formu\" novalidate=\"novalidate\" data-status=\"init\" data-trp-original-action=\"\/tr\/wp-json\/wp\/v2\/pages\/6287#wpcf7-f9-o1\">\n<fieldset class=\"hidden-fields-container\"><input type=\"hidden\" name=\"_wpcf7\" value=\"9\" \/><input type=\"hidden\" name=\"_wpcf7_version\" value=\"6.1.5\" \/><input type=\"hidden\" name=\"_wpcf7_locale\" value=\"tr_TR\" \/><input type=\"hidden\" name=\"_wpcf7_unit_tag\" value=\"wpcf7-f9-o1\" \/><input type=\"hidden\" name=\"_wpcf7_container_post\" value=\"0\" \/><input type=\"hidden\" name=\"_wpcf7_posted_data_hash\" value=\"\" \/>\n<\/fieldset>\n<label> ADINIZ\n    <span class=\"wpcf7-form-control-wrap\" data-name=\"your-name\"><input size=\"40\" maxlength=\"400\" class=\"wpcf7-form-control wpcf7-text wpcf7-validates-as-required\" aria-required=\"true\" aria-invalid=\"false\" value=\"\" type=\"text\" name=\"your-name\" \/><\/span> <\/label>\n\n<label> E-POSTA ADRES\u0130N\u0130Z\n    <span class=\"wpcf7-form-control-wrap\" data-name=\"your-email\"><input size=\"40\" maxlength=\"400\" class=\"wpcf7-form-control wpcf7-email wpcf7-validates-as-required wpcf7-text wpcf7-validates-as-email\" aria-required=\"true\" aria-invalid=\"false\" value=\"\" type=\"email\" name=\"your-email\" \/><\/span> <\/label>\n\n<label> KONU\n    <span class=\"wpcf7-form-control-wrap\" data-name=\"your-subject\"><input size=\"40\" maxlength=\"400\" class=\"wpcf7-form-control wpcf7-text wpcf7-validates-as-required\" aria-required=\"true\" aria-invalid=\"false\" value=\"\" type=\"text\" name=\"your-subject\" \/><\/span> <\/label>\n\n<label> \u0130LET\u0130N\u0130Z (TERC\u0130HE BA\u011eLI)\n    <span class=\"wpcf7-form-control-wrap\" data-name=\"your-message\"><textarea cols=\"40\" rows=\"10\" maxlength=\"2000\" class=\"wpcf7-form-control wpcf7-textarea\" aria-invalid=\"false\" name=\"your-message\"><\/textarea><\/span> <\/label>\n\n<button class=\"wpcf7-form-control wpcf7-submit qodef-button qodef-size--large qodef-layout--filled qodef-html--link qodef-m\" type=\"submit\"><span class=\"qodef-m-text\">G\u00d6NDER<\/span><\/button><div class=\"wpcf7-response-output\" aria-hidden=\"true\"><\/div>\n<input type=\"hidden\" name=\"trp-form-language\" value=\"tr\"\/><\/form>\n<\/div>\n<\/div>\n\t\t\t\t<\/div>\n\t\t\t\t<\/div>\n\t\t\t\t\t<\/div>\n\t\t\t\t<\/div>\n\t\t<div class=\"elementor-element elementor-element-4232af1 e-grid e-con-boxed qodef-elementor-content-no e-con e-parent\" data-id=\"4232af1\" data-element_type=\"container\" data-e-type=\"container\">\n\t\t\t\t\t<div class=\"e-con-inner\">\n\t\t\t\t<div class=\"elementor-element elementor-element-1441cae elementor-widget elementor-widget-heading\" data-id=\"1441cae\" data-element_type=\"widget\" data-e-type=\"widget\" data-widget_type=\"heading.default\">\n\t\t\t\t<div class=\"elementor-widget-container\">\n\t\t\t\t\t<h3 class=\"elementor-heading-title elementor-size-default\">\u0130STANBUL GENEL MERKEZ<\/h3>\t\t\t\t<\/div>\n\t\t\t\t<\/div>\n\t\t\t\t<div class=\"elementor-element elementor-element-ccf8fa9 elementor-widget elementor-widget-heading\" data-id=\"ccf8fa9\" data-element_type=\"widget\" data-e-type=\"widget\" data-widget_type=\"heading.default\">\n\t\t\t\t<div class=\"elementor-widget-container\">\n\t\t\t\t\t<h3 class=\"elementor-heading-title elementor-size-default\">ANKARA DEPO<\/h3>\t\t\t\t<\/div>\n\t\t\t\t<\/div>\n\t\t\t\t\t<\/div>\n\t\t\t\t<\/div>\n\t\t<div class=\"elementor-element elementor-element-97fb7ac e-grid e-con-boxed qodef-elementor-content-no e-con e-parent\" data-id=\"97fb7ac\" data-element_type=\"container\" data-e-type=\"container\">\n\t\t\t\t\t<div class=\"e-con-inner\">\n\t\t\t\t<div class=\"elementor-element elementor-element-1d3d286 elementor-widget elementor-widget-google_maps\" data-id=\"1d3d286\" data-element_type=\"widget\" data-e-type=\"widget\" data-widget_type=\"google_maps.default\">\n\t\t\t\t<div class=\"elementor-widget-container\">\n\t\t\t\t\t\t\t<div class=\"elementor-custom-embed\">\n\t\t\t<iframe loading=\"lazy\"\n\t\t\t\t\tsrc=\"https:\/\/maps.google.com\/maps?q=Kaplan%20A.%C5%9E%20istanbul&#038;t=m&#038;z=15&#038;output=embed&#038;iwloc=near\"\n\t\t\t\t\ttitle=\"Kaplan A.\u015e istanbul\"\n\t\t\t\t\taria-label=\"Kaplan A.\u015e istanbul\"\n\t\t\t><\/iframe>\n\t\t<\/div>\n\t\t\t\t\t\t<\/div>\n\t\t\t\t<\/div>\n\t\t\t\t<div class=\"elementor-element elementor-element-ac04146 elementor-widget elementor-widget-google_maps\" data-id=\"ac04146\" data-element_type=\"widget\" data-e-type=\"widget\" data-widget_type=\"google_maps.default\">\n\t\t\t\t<div class=\"elementor-widget-container\">\n\t\t\t\t\t\t\t<div class=\"elementor-custom-embed\">\n\t\t\t<iframe loading=\"lazy\"\n\t\t\t\t\tsrc=\"https:\/\/maps.google.com\/maps?q=Kaplan%20A.%C5%9E%20Ankara%20Kahramankazan&#038;t=m&#038;z=15&#038;output=embed&#038;iwloc=near\"\n\t\t\t\t\ttitle=\"Kaplan A.\u015e Ankara Kahramankazan\"\n\t\t\t\t\taria-label=\"Kaplan A.\u015e Ankara Kahramankazan\"\n\t\t\t><\/iframe>\n\t\t<\/div>\n\t\t\t\t\t\t<\/div>\n\t\t\t\t<\/div>\n\t\t\t\t\t<\/div>\n\t\t\t\t<\/div>\n\t\t\t\t<\/div>","protected":false},"excerpt":{"rendered":"<p>FULL NAME E-MAIL ADDRESS SUBJECT MESSAGE (Optional) SEND ISTANBUL HEADQUARTERS ANKARA WAREHOUSE<\/p>","protected":false},"author":1,"featured_media":0,"parent":0,"menu_order":0,"comment_status":"closed","ping_status":"closed","template":"elementor_theme","meta":{"footnotes":""},"class_list":["post-6287","page","type-page","status-publish","hentry"],"_links":{"self":[{"href":"https:\/\/www.kaplanas.com\/tr\/wp-json\/wp\/v2\/pages\/6287","targetHints":{"allow":["GET"]}}],"collection":[{"href":"https:\/\/www.kaplanas.com\/tr\/wp-json\/wp\/v2\/pages"}],"about":[{"href":"https:\/\/www.kaplanas.com\/tr\/wp-json\/wp\/v2\/types\/page"}],"author":[{"embeddable":true,"href":"https:\/\/www.kaplanas.com\/tr\/wp-json\/wp\/v2\/users\/1"}],"replies":[{"embeddable":true,"href":"https:\/\/www.kaplanas.com\/tr\/wp-json\/wp\/v2\/comments?post=6287"}],"version-history":[{"count":37,"href":"https:\/\/www.kaplanas.com\/tr\/wp-json\/wp\/v2\/pages\/6287\/revisions"}],"predecessor-version":[{"id":6876,"href":"https:\/\/www.kaplanas.com\/tr\/wp-json\/wp\/v2\/pages\/6287\/revisions\/6876"}],"wp:attachment":[{"href":"https:\/\/www.kaplanas.com\/tr\/wp-json\/wp\/v2\/media?parent=6287"}],"curies":[{"name":"wp","href":"https:\/\/api.w.org\/{rel}","templated":true}]}}