{"id":6285,"date":"2025-07-11T12:22:22","date_gmt":"2025-07-11T12:22:22","guid":{"rendered":"https:\/\/www.kaplanas.com\/?page_id=6285"},"modified":"2025-08-22T07:00:06","modified_gmt":"2025-08-22T07:00:06","slug":"career","status":"publish","type":"page","link":"https:\/\/www.kaplanas.com\/tr\/career\/","title":{"rendered":"Kariyer"},"content":{"rendered":"\t\t<div data-elementor-type=\"wp-page\" data-elementor-id=\"6285\" class=\"elementor elementor-6285\" data-elementor-post-type=\"page\">\n\t\t\t\t<div class=\"elementor-element elementor-element-5151c8c e-flex e-con-boxed qodef-elementor-content-no e-con e-parent\" data-id=\"5151c8c\" data-element_type=\"container\" data-e-type=\"container\">\n\t\t\t\t\t<div class=\"e-con-inner\">\n\t\t\t\t<div class=\"elementor-element elementor-element-0fa2c02 elementor-widget elementor-widget-html\" data-id=\"0fa2c02\" data-element_type=\"widget\" data-e-type=\"widget\" data-widget_type=\"html.default\">\n\t\t\t\t<div class=\"elementor-widget-container\">\n\t\t\t\t\t<form action=\"\/wp-admin\/admin-post.php\" method=\"POST\" enctype=\"multipart\/form-data\" class=\"job-application-form\">\r\n  \r\n  <input type=\"hidden\" name=\"action\" value=\"job_application_form\">\r\n\r\n  <h2 class=\"form-title\">Job Application Form<\/h2>\r\n\r\n  <div class=\"form-row\">\r\n    <div class=\"form-group\">\r\n      <label for=\"full_name\">Full Name*<\/label>\r\n      <input type=\"text\" id=\"full_name\" name=\"full_name\" required>\r\n    <\/div>\r\n\r\n    <div class=\"form-group\">\r\n      <label for=\"email\">Email Address*<\/label>\r\n      <input type=\"email\" id=\"email\" name=\"email\" required>\r\n    <\/div>\r\n  <\/div>\r\n\r\n  <div class=\"form-row\">\r\n    <div class=\"form-group\">\r\n      <label for=\"phone\">Phone Number*<\/label>\r\n      <input type=\"tel\" id=\"phone\" name=\"phone\" required>\r\n    <\/div>\r\n\r\n    <div class=\"form-group\">\r\n      <label for=\"position\">Position Applied For*<\/label>\r\n      <input type=\"text\" id=\"position\" name=\"position\" required>\r\n    <\/div>\r\n  <\/div>\r\n\r\n  <div class=\"form-group\">\r\n    <label for=\"linkedin\">LinkedIn Profile (optional)<\/label>\r\n    <input type=\"url\" id=\"linkedin\" name=\"linkedin\">\r\n  <\/div>\r\n\r\n  <div class=\"form-group\">\r\n    <label for=\"message\">Cover Letter<\/label>\r\n    <textarea id=\"message\" name=\"message\" rows=\"4\"><\/textarea>\r\n  <\/div>\r\n\r\n  <div class=\"form-group\">\r\n    <label for=\"cv_file\">Upload CV (.pdf, .doc, .docx, max 2MB)*<\/label>\r\n    <input type=\"file\" id=\"cv_file\" name=\"cv_file\" accept=\".pdf,.doc,.docx\" required>\r\n  <\/div>\r\n\r\n  <div class=\"form-group checkbox\">\r\n    <label>\r\n      <input type=\"checkbox\" name=\"consent\" required>\r\n      I consent to the processing of my personal data in accordance with the privacy policy.\r\n    <\/label>\r\n  <\/div>\r\n\r\n  <button type=\"submit\" class=\"submit-btn\">Send Application<\/button>\r\n<\/form>\r\n\r\n<!-- CSS Stilleri -->\r\n<style>\r\n  .job-application-form {\r\n    width: 100%; \/* Konteynerin tamam\u0131n\u0131 kaplamas\u0131n\u0131 sa\u011flar *\/\r\n    margin: 0;   \/* Ortalamay\u0131 kald\u0131r\u0131r *\/\r\n    padding: 20px;\r\n    box-sizing: border-box; \/* Padding'in geni\u015fli\u011fi etkilememesi i\u00e7in \u00f6nemlidir *\/\r\n  }\r\n  .job-application-form .form-title { text-align: center; margin-bottom: 25px; }\r\n  .job-application-form .form-row { display: flex; gap: 20px; margin-bottom: 15px; }\r\n  .job-application-form .form-group { flex: 1; margin-bottom: 15px; width: 100%; }\r\n  .job-application-form .form-group.checkbox { display: flex; align-items: center; }\r\n  .job-application-form .form-group.checkbox input { margin-right: 10px; }\r\n  .job-application-form label { display: block; margin-bottom: 5px; font-weight: bold; }\r\n  .job-application-form input[type=\"text\"],\r\n  .job-application-form input[type=\"email\"],\r\n  .job-application-form input[type=\"tel\"],\r\n  .job-application-form input[type=\"url\"],\r\n  .job-application-form textarea { width: 100%; padding: 10px; border: 1px solid #ccc; border-radius: 4px; }\r\n  .job-application-form .submit-btn { display: block; width: 100%; padding: 12px; background-color: #0056b3; color: white; border: none; border-radius: 4px; cursor: pointer; font-size: 16px; }\r\n  .job-application-form .submit-btn:hover { background-color: #004494; }\r\n  @media (max-width: 600px) { .job-application-form .form-row { flex-direction: column; gap: 0; } }\r\n<\/style>\t\t\t\t<\/div>\n\t\t\t\t<\/div>\n\t\t\t\t\t<\/div>\n\t\t\t\t<\/div>\n\t\t\t\t<\/div>\n\t\t","protected":false},"excerpt":{"rendered":"<p>Job Application Form Full Name* Email Address* Phone Number* Position Applied For* LinkedIn Profile (optional) Cover Letter Upload CV (.pdf, .doc, .docx, max 2MB)* I consent to the processing of my personal data in accordance with the privacy policy. Send Application<\/p>","protected":false},"author":1,"featured_media":0,"parent":0,"menu_order":0,"comment_status":"closed","ping_status":"closed","template":"elementor_theme","meta":{"footnotes":""},"class_list":["post-6285","page","type-page","status-publish","hentry"],"_links":{"self":[{"href":"https:\/\/www.kaplanas.com\/tr\/wp-json\/wp\/v2\/pages\/6285","targetHints":{"allow":["GET"]}}],"collection":[{"href":"https:\/\/www.kaplanas.com\/tr\/wp-json\/wp\/v2\/pages"}],"about":[{"href":"https:\/\/www.kaplanas.com\/tr\/wp-json\/wp\/v2\/types\/page"}],"author":[{"embeddable":true,"href":"https:\/\/www.kaplanas.com\/tr\/wp-json\/wp\/v2\/users\/1"}],"replies":[{"embeddable":true,"href":"https:\/\/www.kaplanas.com\/tr\/wp-json\/wp\/v2\/comments?post=6285"}],"version-history":[{"count":10,"href":"https:\/\/www.kaplanas.com\/tr\/wp-json\/wp\/v2\/pages\/6285\/revisions"}],"predecessor-version":[{"id":6737,"href":"https:\/\/www.kaplanas.com\/tr\/wp-json\/wp\/v2\/pages\/6285\/revisions\/6737"}],"wp:attachment":[{"href":"https:\/\/www.kaplanas.com\/tr\/wp-json\/wp\/v2\/media?parent=6285"}],"curies":[{"name":"wp","href":"https:\/\/api.w.org\/{rel}","templated":true}]}}