{"id":1130,"date":"2021-11-03T14:30:55","date_gmt":"2021-11-03T14:30:55","guid":{"rendered":"https:\/\/shiftup.qodeinteractive.com\/?page_id=1130"},"modified":"2025-12-18T13:12:01","modified_gmt":"2025-12-18T13:12:01","slug":"company","status":"publish","type":"page","link":"https:\/\/www.kaplanas.com\/tr\/company\/","title":{"rendered":"Kurumsal"},"content":{"rendered":"<div data-elementor-type=\"wp-page\" data-elementor-id=\"1130\" class=\"elementor elementor-1130\" data-elementor-post-type=\"page\">\n\t\t\t\t\t\t<section class=\"elementor-section elementor-top-section elementor-element elementor-element-6e06052 elementor-section-full_width qodef-elementor-content-grid qodef-btt-light elementor-section-height-default elementor-section-height-default\" data-id=\"6e06052\" data-element_type=\"section\" data-e-type=\"section\">\n\t\t\t\t\t\t<div class=\"elementor-container elementor-column-gap-default\">\n\t\t\t\t\t<div class=\"elementor-column elementor-col-100 elementor-top-column elementor-element elementor-element-b53f00f\" data-id=\"b53f00f\" data-element_type=\"column\" data-e-type=\"column\">\n\t\t\t<div class=\"elementor-widget-wrap elementor-element-populated\">\n\t\t\t\t\t\t<div class=\"elementor-element elementor-element-25a2853 elementor-widget elementor-widget-image\" data-id=\"25a2853\" data-element_type=\"widget\" data-e-type=\"widget\" data-widget_type=\"image.default\">\n\t\t\t\t<div class=\"elementor-widget-container\">\n\t\t\t\t\t\t\t\t\t\t\t\t\t\t\t<img fetchpriority=\"high\" decoding=\"async\" width=\"2560\" height=\"779\" src=\"https:\/\/www.kaplanas.com\/wp-content\/uploads\/2025\/08\/111-scaled.jpg\" class=\"attachment-full size-full wp-image-6416\" alt=\"\" srcset=\"https:\/\/www.kaplanas.com\/wp-content\/uploads\/2025\/08\/111-scaled.jpg 2560w, https:\/\/www.kaplanas.com\/wp-content\/uploads\/2025\/08\/111-300x91.jpg 300w, https:\/\/www.kaplanas.com\/wp-content\/uploads\/2025\/08\/111-1024x312.jpg 1024w, https:\/\/www.kaplanas.com\/wp-content\/uploads\/2025\/08\/111-768x234.jpg 768w, https:\/\/www.kaplanas.com\/wp-content\/uploads\/2025\/08\/111-1536x467.jpg 1536w, https:\/\/www.kaplanas.com\/wp-content\/uploads\/2025\/08\/111-2048x623.jpg 2048w, https:\/\/www.kaplanas.com\/wp-content\/uploads\/2025\/08\/111-18x5.jpg 18w\" sizes=\"(max-width: 2560px) 100vw, 2560px\" \/>\t\t\t\t\t\t\t\t\t\t\t\t\t\t\t<\/div>\n\t\t\t\t<\/div>\n\t\t\t\t<div class=\"elementor-element elementor-element-6d557fd elementor-widget elementor-widget-heading\" data-id=\"6d557fd\" data-element_type=\"widget\" data-e-type=\"widget\" data-widget_type=\"heading.default\">\n\t\t\t\t<div class=\"elementor-widget-container\">\n\t\t\t\t\t<h3 class=\"elementor-heading-title elementor-size-default\">Hakk\u0131m\u0131zda<\/h3>\t\t\t\t<\/div>\n\t\t\t\t<\/div>\n\t\t\t\t<div class=\"elementor-element elementor-element-9546582 elementor-widget elementor-widget-text-editor\" data-id=\"9546582\" data-element_type=\"widget\" data-e-type=\"widget\" data-widget_type=\"text-editor.default\">\n\t\t\t\t<div class=\"elementor-widget-container\">\n\t\t\t\t\t\t\t\t\t<div class=\"kaplan-about\">\n    <img decoding=\"async\"\n        class=\"kaplan-img-right\"\n        src=\"http:\/\/www.kaplanas.com\/wp-content\/uploads\/2025\/11\/kaplan-ist-300x204.png\"\n        alt=\"Kaplan Automotive\">\n\n    1965 y\u0131l\u0131nda kurulan \u015firketimiz, yar\u0131m asr\u0131 a\u015fk\u0131n k\u00f6kl\u00fc ge\u00e7mi\u015fiyle otomotiv sekt\u00f6r\u00fcnde T\u00fcrkiye\u2019nin \u00f6nde gelen yedek par\u00e7a distrib\u00fct\u00f6rlerinden biridir. Kurulu\u015fumuzdan bu yana kalite, g\u00fcvenilirlik ve m\u00fc\u015fteri memnuniyetini temel ilke edinerek, sekt\u00f6r\u00fcn geli\u015fimine y\u00f6n veren \u00e7al\u0131\u015fmalar\u0131m\u0131zla g\u00fcvenilir bir i\u015f orta\u011f\u0131 konumuna ula\u015fm\u0131\u015f bulunmaktay\u0131z.\n\n    <br><br>\n\n    Bug\u00fcn, 50\u2019den fazla global markan\u0131n resmi distrib\u00fct\u00f6r\u00fc olarak m\u00fc\u015fterilerimize zenginle\u015ftirilmi\u015f bir \u00fcr\u00fcn portf\u00f6y\u00fc sunuyoruz. Mercedes-Benz, BMW, Land Rover Range Rover ve Mini Cooper ara\u00e7lar\u0131 i\u00e7in OEM ve IAM motor, mekanik, elektronik ve kaporta bile\u015fenlerini kapsayan \u00fcr\u00fcn program\u0131, farkl\u0131 ihtiya\u00e7lara y\u00f6nelik y\u00fcksek kalite standartlar\u0131yla tedarik edilmektedir.\n\n    <br><br>\n\n    \u0130stanbul ve Ankara\u2019daki stratejik da\u011f\u0131t\u0131m merkezlerimiz, ileri teknoloji altyap\u0131m\u0131z ve yayg\u0131n lojistik a\u011f\u0131m\u0131z sayesinde T\u00fcrkiye\u2019nin d\u00f6rt bir yan\u0131na h\u0131zl\u0131, g\u00fcvenilir ve etkin hizmet sa\u011flamaktay\u0131z. Bununla birlikte \u015firketimiz, T\u00fcrkiye i\u00e7 pazar\u0131ndaki g\u00fc\u00e7l\u00fc konumunun yan\u0131 s\u0131ra 40\u2019tan fazla \u00fclkeye ihracat yaparak uluslararas\u0131 pazarda da g\u00fcvenilir bir i\u015f orta\u011f\u0131 haline gelmi\u015ftir.\n\n    <br><br>\n\n    \u015eirketimiz, yaln\u0131zca \u00fcr\u00fcn tedariki yapan bir kurum de\u011fil; i\u015f ortaklar\u0131na de\u011fer katan, uzun vadeli ve s\u00fcrd\u00fcr\u00fclebilir \u00e7\u00f6z\u00fcmler geli\u015ftiren bir distrib\u00fct\u00f6r kimli\u011fine sahiptir. Etik i\u015f anlay\u0131\u015f\u0131m\u0131z, uzman kadromuz ve yenilik\u00e7i bak\u0131\u015f a\u00e7\u0131m\u0131zla, sekt\u00f6rde kalite ve g\u00fcvenin sembol\u00fc olmaya devam ediyoruz.\n<\/div>\n\t\t\t\t\t\t\t\t<\/div>\n\t\t\t\t<\/div>\n\t\t\t\t<div class=\"elementor-element elementor-element-f459559 elementor-widget elementor-widget-heading\" data-id=\"f459559\" data-element_type=\"widget\" data-e-type=\"widget\" data-widget_type=\"heading.default\">\n\t\t\t\t<div class=\"elementor-widget-container\">\n\t\t\t\t\t<h3 class=\"elementor-heading-title elementor-size-default\">Misyonumuz<\/h3>\t\t\t\t<\/div>\n\t\t\t\t<\/div>\n\t\t\t\t<div class=\"elementor-element elementor-element-718474a elementor-widget elementor-widget-text-editor\" data-id=\"718474a\" data-element_type=\"widget\" data-e-type=\"widget\" data-widget_type=\"text-editor.default\">\n\t\t\t\t<div class=\"elementor-widget-container\">\n\t\t\t\t\t\t\t\t\t<p class=\"MsoNormal\"><span style=\"font-family: 'Times New Roman', serif;\">\u00a0<\/span><\/p><p class=\"MsoNormal\" style=\"background-color: #ffffff;\"><span style=\"font-family: 'Times New Roman', serif;\">Otomotiv sekt\u00f6r\u00fcnde yar\u0131m asr\u0131 a\u015fk\u0131n deneyimimizle; m\u00fc\u015fterilerimize y\u00fcksek kalite standartlar\u0131nda, g\u00fcvenilir ve yenilik\u00e7i \u00e7\u00f6z\u00fcmler sunmay\u0131 misyon edindik.<\/span><\/p><p class=\"MsoNormal\"><span style=\"font-family: 'Times New Roman', serif;\">M\u00fc\u015fteri memnuniyetini, s\u00fcrd\u00fcr\u00fclebilirli\u011fi ve uzun vadeli i\u015f birliklerini \u00f6ncelik kabul ederek; teknolojiye, lojistik altyap\u0131m\u0131za ve insan kayna\u011f\u0131m\u0131za s\u00fcrekli yat\u0131r\u0131m yapmakta; i\u015f ortaklar\u0131m\u0131za katma de\u011fer yaratan, yenilik\u00e7i ve s\u00fcrd\u00fcr\u00fclebilir hizmetler sunmaktay\u0131z.\u00a0\u00a0<\/span><\/p>\t\t\t\t\t\t\t\t<\/div>\n\t\t\t\t<\/div>\n\t\t\t\t<div class=\"elementor-element elementor-element-efcc7b9 elementor-widget elementor-widget-heading\" data-id=\"efcc7b9\" data-element_type=\"widget\" data-e-type=\"widget\" data-widget_type=\"heading.default\">\n\t\t\t\t<div class=\"elementor-widget-container\">\n\t\t\t\t\t<h3 class=\"elementor-heading-title elementor-size-default\">Vizyonumuz<\/h3>\t\t\t\t<\/div>\n\t\t\t\t<\/div>\n\t\t\t\t<div class=\"elementor-element elementor-element-a768493 elementor-widget elementor-widget-text-editor\" data-id=\"a768493\" data-element_type=\"widget\" data-e-type=\"widget\" data-widget_type=\"text-editor.default\">\n\t\t\t\t<div class=\"elementor-widget-container\">\n\t\t\t\t\t\t\t\t\t<p class=\"MsoNormal\"><span style=\"font-family: 'Times New Roman',serif;\">T\u00fcrkiye`deki ba\u011f\u0131ms\u0131z otomotiv yedek par\u00e7a sekt\u00f6r\u00fcnde bran\u015f liderli\u011fimizi koruyarak, uluslararas\u0131 pazarda da tan\u0131nan ve tercih edilen \u00f6nc\u00fc bir tedarik\u00e7i \u015firket olmay\u0131 hedefliyoruz.<\/span><\/p><p class=\"MsoNormal\"><span style=\"font-family: 'Times New Roman', serif;\">Sekt\u00f6r\u00fcn gelece\u011fini \u015fekillendiren, dijitalle\u015fme ve inovasyon odakl\u0131 yat\u0131r\u0131mlarla hizmet kalitesini s\u00fcrekli geli\u015ftiren; i\u015f ortaklar\u0131na sadece \u00fcr\u00fcn de\u011fil, de\u011fer ve s\u00fcrd\u00fcr\u00fclebilirlik sunan global \u00f6l\u00e7ekte g\u00fc\u00e7l\u00fc bir tedarik\u00e7i olmak vizyonumuzun temelini olu\u015fturmaktad\u0131r.<\/span><\/p>\t\t\t\t\t\t\t\t<\/div>\n\t\t\t\t<\/div>\n\t\t\t\t\t<\/div>\n\t\t<\/div>\n\t\t\t\t\t<\/div>\n\t\t<\/section>\n\t\t\t\t<section class=\"elementor-section elementor-top-section elementor-element elementor-element-4c462a4 elementor-section-full_width qodef-btt-light elementor-section-height-default elementor-section-height-default qodef-elementor-content-no\" data-id=\"4c462a4\" data-element_type=\"section\" data-e-type=\"section\">\n\t\t\t\t\t\t<div class=\"elementor-container elementor-column-gap-default\">\n\t\t\t\t\t<div class=\"elementor-column elementor-col-100 elementor-top-column elementor-element elementor-element-43745be\" data-id=\"43745be\" data-element_type=\"column\" data-e-type=\"column\">\n\t\t\t<div class=\"elementor-widget-wrap elementor-element-populated\">\n\t\t\t\t\t\t<div class=\"elementor-element elementor-element-cc656e2 elementor-widget elementor-widget-shiftup_core_interactive_link_showcase\" data-id=\"cc656e2\" data-element_type=\"widget\" data-e-type=\"widget\" data-widget_type=\"shiftup_core_interactive_link_showcase.default\">\n\t\t\t\t<div class=\"elementor-widget-container\">\n\t\t\t\t\t<div class=\"qodef-shortcode qodef-m qodef-interactive-link-showcase qodef-layout--list\" >\n\t\t\t<h6 class=\"qodef-tagline\"> ARA\u00c7 GRUBU<\/h6>\n\t\t<div class=\"qodef-m-items\">\n\t\t\t\t\t<a itemprop=\"url\" class=\"qodef-m-item qodef-e\" href=\"\" target=\"_self\">\n\t\t\t\t<span class=\"qodef-e-title\">Mercedes-Benz<\/span>\n\t\t\t\t<span class=\"qodef-e-title-overlay\">\n\t\t\t\t\tMercedes-Benz\t\t\t\t<\/span>\n\t\t\t<\/a>\n\t\t\t\t\t<a itemprop=\"url\" class=\"qodef-m-item qodef-e\" href=\"\" target=\"_self\">\n\t\t\t\t<span class=\"qodef-e-title\">BMW<\/span>\n\t\t\t\t<span class=\"qodef-e-title-overlay\">\n\t\t\t\t\tBMW\t\t\t\t<\/span>\n\t\t\t<\/a>\n\t\t\t\t\t<a itemprop=\"url\" class=\"qodef-m-item qodef-e\" href=\"\" target=\"_self\">\n\t\t\t\t<span class=\"qodef-e-title\">Land Rover<\/span>\n\t\t\t\t<span class=\"qodef-e-title-overlay\">\n\t\t\t\t\tLand Rover\t\t\t\t<\/span>\n\t\t\t<\/a>\n\t\t\t\t\t<a itemprop=\"url\" class=\"qodef-m-item qodef-e\" href=\"\" target=\"_self\">\n\t\t\t\t<span class=\"qodef-e-title\">Mini Cooper<\/span>\n\t\t\t\t<span class=\"qodef-e-title-overlay\">\n\t\t\t\t\tMini Cooper\t\t\t\t<\/span>\n\t\t\t<\/a>\n\t\t\t<\/div>\n\t<div class=\"qodef-m-content\">\n\t\t\t\t\t<div class=\"qodef-m-text-item\" >\n\t\t\t\t<h4 class=\"qodef-e-title\">MERCEDES-BENZ<\/h4><p>\u00dcst\u00fcn Alman m\u00fchendisli\u011fi i\u00e7in g\u00fcvenilir yedek par\u00e7alar.\nMekanik sistemler, g\u00f6vde panelleri, elektronik aksamlar, motor par\u00e7alar\u0131 ve \u015f\u0131k aksesuarlar dahil olmak \u00fczere geni\u015f bir Mercedes-Benz yedek par\u00e7a yelpazesi sunarak en y\u00fcksek performans\u0131 ve dayan\u0131kl\u0131l\u0131\u011f\u0131 garantiliyoruz.<\/p> <br \/> \n\n\n<li>Motor<\/li>\n\n<li>Mekanik<\/li>\n\n<li>Elektronik<\/li>\n\n<li>Kaporta<\/li>\n\n<li>Aksesuar<\/li>\n\n<\/ul>\t\t\t<\/div>\n\t\t\t\t\t<div class=\"qodef-m-text-item\" >\n\t\t\t\t<h4 class=\"qodef-e-title\">BMW<\/h4><p>Performans hassasiyetle bulu\u015fuyor.\nBMW'niz i\u00e7in mekanik ve elektronik sistemlerden motor bile\u015fenlerine ve i\u00e7\/d\u0131\u015f aksesuarlara kadar t\u00fcm yedek par\u00e7alar, o \u00f6zel s\u00fcr\u00fc\u015f deneyimini koruman\u0131za yard\u0131mc\u0131 olmak i\u00e7in kolayca temin edilebilir.<\/p> <br \/> \n\n\n<li>Mekanik Par\u00e7alar<\/li>\n\n<li>G\u00f6vde ve D\u0131\u015f Par\u00e7alar<\/li>\n\n<li>Elektronik Bile\u015fenler<\/li>\n\n<li>Motor Par\u00e7alar\u0131<\/li>\n\n<li>Aksesuar<\/li>\n\n<\/ul>\t\t\t<\/div>\n\t\t\t\t\t<div class=\"qodef-m-text-item\" >\n\t\t\t\t<h4 class=\"qodef-e-title\">LAND ROVER<\/h4><p>Zorlu yollar daha dayan\u0131kl\u0131 par\u00e7alara ihtiya\u00e7 duyar.\nLand Rover ara\u00e7lar\u0131 dayan\u0131kl\u0131l\u0131k gerektirir. Envanterimizde, her t\u00fcrl\u00fc araziye dayanacak \u015fekilde tasarlanm\u0131\u015f mekanik, motor, g\u00f6vde ve elektronik par\u00e7alar bulunur ve hem g\u00fcvenilirlik hem de uzun \u00f6m\u00fcr sunar.<\/p> <br \/> \n\n\n<li>Mekanik Par\u00e7alar<\/li>\n\n<li>G\u00f6vde ve D\u0131\u015f Par\u00e7alar<\/li>\n\n<li>Elektronik Bile\u015fenler<\/li>\n\n<li>Motor Par\u00e7alar\u0131<\/li>\n\n<li>Aksesuar<\/li>\n\n<\/ul>\t\t\t<\/div>\n\t\t\t\t\t<div class=\"qodef-m-text-item\" >\n\t\t\t\t<h4 class=\"qodef-e-title\">MINI COOPER<\/h4><p>Kompakt stil, eksiksiz \u00e7\u00f6z\u00fcmler.\nMekanik, elektronik, motor, kaporta veya aksesuarlar olsun, Mini Cooper'\u0131n\u0131z i\u00e7in eksiksiz yedek par\u00e7a kapsam\u0131 sa\u011flayarak her zamanki gibi benzersiz ve \u015f\u0131k kalmas\u0131na yard\u0131mc\u0131 oluyoruz.<\/p> <br \/> \n\n\n<li>Mekanik Par\u00e7alar<\/li>\n\n<li>G\u00f6vde ve D\u0131\u015f Par\u00e7alar<\/li>\n\n<li>Elektronik Bile\u015fenler<\/li>\n\n<li>Motor Par\u00e7alar\u0131<\/li>\n\n<li>Aksesuar<\/li>\n\n<\/ul>\t\t\t<\/div>\n\t\t\t<\/div>\n<\/div>\n\t\t\t\t<\/div>\n\t\t\t\t<\/div>\n\t\t\t\t\t<\/div>\n\t\t<\/div>\n\t\t\t\t\t<\/div>\n\t\t<\/section>\n\t\t\t\t<\/div>","protected":false},"excerpt":{"rendered":"<p>About us Founded in 1965, our company is one of Turkey&#8217;s leading automotive parts distributors with a history spanning more than half a century. Since our establishment, we have adopted quality, reliability, and customer satisfaction as our core principles, and we have become a trusted business partner through our efforts to drive the development of [&hellip;]<\/p>\n","protected":false},"author":1,"featured_media":0,"parent":0,"menu_order":0,"comment_status":"closed","ping_status":"closed","template":"elementor_theme","meta":{"footnotes":""},"class_list":["post-1130","page","type-page","status-publish","hentry"],"_links":{"self":[{"href":"https:\/\/www.kaplanas.com\/tr\/wp-json\/wp\/v2\/pages\/1130","targetHints":{"allow":["GET"]}}],"collection":[{"href":"https:\/\/www.kaplanas.com\/tr\/wp-json\/wp\/v2\/pages"}],"about":[{"href":"https:\/\/www.kaplanas.com\/tr\/wp-json\/wp\/v2\/types\/page"}],"author":[{"embeddable":true,"href":"https:\/\/www.kaplanas.com\/tr\/wp-json\/wp\/v2\/users\/1"}],"replies":[{"embeddable":true,"href":"https:\/\/www.kaplanas.com\/tr\/wp-json\/wp\/v2\/comments?post=1130"}],"version-history":[{"count":75,"href":"https:\/\/www.kaplanas.com\/tr\/wp-json\/wp\/v2\/pages\/1130\/revisions"}],"predecessor-version":[{"id":6902,"href":"https:\/\/www.kaplanas.com\/tr\/wp-json\/wp\/v2\/pages\/1130\/revisions\/6902"}],"wp:attachment":[{"href":"https:\/\/www.kaplanas.com\/tr\/wp-json\/wp\/v2\/media?parent=1130"}],"curies":[{"name":"wp","href":"https:\/\/api.w.org\/{rel}","templated":true}]}}